{"id":2696,"date":"2023-05-31T10:18:10","date_gmt":"2023-05-31T08:18:10","guid":{"rendered":"https:\/\/app-room.ch\/shop\/epson-tm-t20iii-lan\/"},"modified":"2026-04-14T11:56:04","modified_gmt":"2026-04-14T09:56:04","slug":"epson-tm-t20iii-lan","status":"publish","type":"product","link":"https:\/\/app-room.eu\/fr\/shop\/epson-tm-t20iii-lan\/","title":{"rendered":"EPSON TM-T20III LAN"},"content":{"rendered":"<p>Die Kombination aus schneller Druckgeschwindigkeit, hoher Zuverl\u00e4ssigkeit und wirtschaftlichem Betrieb macht diesen Drucker zu einem unverzichtbaren Ger\u00e4t f\u00fcr kleine Einzel- und Fachh\u00e4ndler, Gastronomie und Lebensmittelgesch\u00e4fte. Dieses benutzerfreundliche Modell ist der POS-Bondrucker der Einstiegsklasse mit einer Druckbreite von 80 mm. Durch seine automatische Papiersparfunktion werden der obere und untere Bonrand, der Zeilenabstand und die Barcodeh\u00f6he verringert und so ein flexibles Drucken von Bons erm\u00f6glicht. Der Papierverbrauch bleibt dabei unter Kontrolle. Der Papierverbrauch wird auch dadurch gering gehalten, dass das obere Logo des n\u00e4chsten Bons bereits vor dem Abschneiden gedruckt wird, sodass der obere Rand um weitere 12 mm reduziert wird. Der TM-T20III verf\u00fcgt \u00fcber eine integrierte USB-Schnittstelle. Aufl\u00f6sung: 203 dpi, Papierbreite: Max. 80mm<br \/>\nWichtig: LAN Verbindung<\/p>\n","protected":false},"excerpt":{"rendered":"<p>Die Kombination aus schneller Druckgeschwindigkeit, hoher Zuverl\u00e4ssigkeit und wirtschaftlichem Betrieb macht diesen Drucker zu einem [&hellip;]<\/p>\n","protected":false},"featured_media":2694,"template":"","meta":{"_acf_changed":false,"inline_featured_image":false},"product_brand":[],"product_cat":[21],"product_tag":[],"class_list":{"0":"post-2696","1":"product","2":"type-product","3":"status-publish","4":"has-post-thumbnail","6":"product_cat-drucker-scanner","8":"first","9":"onbackorder","10":"shipping-taxable","11":"purchasable","12":"product-type-simple"},"acf":[],"yoast_head":"<!-- This site is optimized with the Yoast SEO plugin v27.2 - https:\/\/yoast.com\/product\/yoast-seo-wordpress\/ -->\n<title>EPSON TM-T20III LAN - app-room GmbH<\/title>\n<meta name=\"robots\" content=\"index, follow, max-snippet:-1, max-image-preview:large, max-video-preview:-1\" \/>\n<link rel=\"canonical\" href=\"https:\/\/app-room.ch\/shop\/epson-tm-t20iii-lan\/\" \/>\n<meta property=\"og:locale\" content=\"fr_FR\" \/>\n<meta property=\"og:type\" content=\"article\" \/>\n<meta property=\"og:title\" content=\"EPSON TM-T20III LAN - app-room GmbH\" \/>\n<meta property=\"og:description\" content=\"Die Kombination aus schneller Druckgeschwindigkeit, hoher Zuverl\u00e4ssigkeit und wirtschaftlichem Betrieb macht diesen Drucker zu einem [&hellip;]\" \/>\n<meta property=\"og:url\" content=\"https:\/\/app-room.ch\/shop\/epson-tm-t20iii-lan\/\" \/>\n<meta property=\"og:site_name\" content=\"app-room GmbH\" \/>\n<meta property=\"article:publisher\" content=\"https:\/\/www.facebook.com\/approomgmbh\/\" \/>\n<meta property=\"article:modified_time\" content=\"2026-04-14T09:56:04+00:00\" \/>\n<meta property=\"og:image\" content=\"https:\/\/app-room.ch\/wp-content\/uploads\/2023\/05\/100323_1f9f2ba07db9300ba2c2ca11f717de1a-1.jpg\" \/>\n\t<meta property=\"og:image:width\" content=\"1024\" \/>\n\t<meta property=\"og:image:height\" content=\"762\" \/>\n\t<meta property=\"og:image:type\" content=\"image\/jpeg\" \/>\n<meta name=\"twitter:card\" content=\"summary_large_image\" \/>\n<meta name=\"twitter:label1\" content=\"Dur\u00e9e de lecture estim\u00e9e\" \/>\n\t<meta name=\"twitter:data1\" content=\"1 minute\" \/>\n<script type=\"application\/ld+json\" class=\"yoast-schema-graph\">{\"@context\":\"https:\/\/schema.org\",\"@graph\":[{\"@type\":\"WebPage\",\"@id\":\"https:\/\/app-room.ch\/shop\/epson-tm-t20iii-lan\/\",\"url\":\"https:\/\/app-room.ch\/shop\/epson-tm-t20iii-lan\/\",\"name\":\"EPSON TM-T20III LAN - app-room GmbH\",\"isPartOf\":{\"@id\":\"https:\/\/app-room.ch\/#website\"},\"primaryImageOfPage\":{\"@id\":\"https:\/\/app-room.ch\/shop\/epson-tm-t20iii-lan\/#primaryimage\"},\"image\":{\"@id\":\"https:\/\/app-room.ch\/shop\/epson-tm-t20iii-lan\/#primaryimage\"},\"thumbnailUrl\":\"https:\/\/app-room.eu\/wp-content\/uploads\/2023\/05\/100323_1f9f2ba07db9300ba2c2ca11f717de1a-1.jpg\",\"datePublished\":\"2023-05-31T08:18:10+00:00\",\"dateModified\":\"2026-04-14T09:56:04+00:00\",\"breadcrumb\":{\"@id\":\"https:\/\/app-room.ch\/shop\/epson-tm-t20iii-lan\/#breadcrumb\"},\"inLanguage\":\"fr-FR\",\"potentialAction\":[{\"@type\":\"ReadAction\",\"target\":[\"https:\/\/app-room.ch\/shop\/epson-tm-t20iii-lan\/\"]}]},{\"@type\":\"ImageObject\",\"inLanguage\":\"fr-FR\",\"@id\":\"https:\/\/app-room.ch\/shop\/epson-tm-t20iii-lan\/#primaryimage\",\"url\":\"https:\/\/app-room.eu\/wp-content\/uploads\/2023\/05\/100323_1f9f2ba07db9300ba2c2ca11f717de1a-1.jpg\",\"contentUrl\":\"https:\/\/app-room.eu\/wp-content\/uploads\/2023\/05\/100323_1f9f2ba07db9300ba2c2ca11f717de1a-1.jpg\",\"width\":1024,\"height\":762},{\"@type\":\"BreadcrumbList\",\"@id\":\"https:\/\/app-room.ch\/shop\/epson-tm-t20iii-lan\/#breadcrumb\",\"itemListElement\":[{\"@type\":\"ListItem\",\"position\":1,\"name\":\"Startseite\",\"item\":\"https:\/\/app-room.fr\/fr\/\"},{\"@type\":\"ListItem\",\"position\":2,\"name\":\"Shop\",\"item\":\"https:\/\/www.app-room.de\/shop\/\"},{\"@type\":\"ListItem\",\"position\":3,\"name\":\"EPSON TM-T20III LAN\"}]},{\"@type\":\"WebSite\",\"@id\":\"https:\/\/app-room.ch\/#website\",\"url\":\"https:\/\/app-room.ch\/\",\"name\":\"app-room GmbH\",\"description\":\"CYCLE, das online Warenwirtschaftssystem \/ ERP f\u00fcr den Fahrradhandel\",\"publisher\":{\"@id\":\"https:\/\/app-room.ch\/#organization\"},\"potentialAction\":[{\"@type\":\"SearchAction\",\"target\":{\"@type\":\"EntryPoint\",\"urlTemplate\":\"https:\/\/app-room.ch\/?s={search_term_string}\"},\"query-input\":{\"@type\":\"PropertyValueSpecification\",\"valueRequired\":true,\"valueName\":\"search_term_string\"}}],\"inLanguage\":\"fr-FR\"},{\"@type\":\"Organization\",\"@id\":\"https:\/\/app-room.ch\/#organization\",\"name\":\"app-room GmbH\",\"url\":\"https:\/\/app-room.ch\/\",\"logo\":{\"@type\":\"ImageObject\",\"inLanguage\":\"fr-FR\",\"@id\":\"https:\/\/app-room.ch\/#\/schema\/logo\/image\/\",\"url\":\"https:\/\/app-room.ch\/wp-content\/uploads\/2024\/10\/favicon.png\",\"contentUrl\":\"https:\/\/app-room.ch\/wp-content\/uploads\/2024\/10\/favicon.png\",\"width\":128,\"height\":128,\"caption\":\"app-room GmbH\"},\"image\":{\"@id\":\"https:\/\/app-room.ch\/#\/schema\/logo\/image\/\"},\"sameAs\":[\"https:\/\/www.facebook.com\/approomgmbh\/\",\"https:\/\/ch.linkedin.com\/company\/app-room-gmbh\"]}]}<\/script>\n<!-- \/ Yoast SEO plugin. -->","yoast_head_json":{"title":"EPSON TM-T20III LAN - app-room GmbH","robots":{"index":"index","follow":"follow","max-snippet":"max-snippet:-1","max-image-preview":"max-image-preview:large","max-video-preview":"max-video-preview:-1"},"canonical":"https:\/\/app-room.ch\/shop\/epson-tm-t20iii-lan\/","og_locale":"fr_FR","og_type":"article","og_title":"EPSON TM-T20III LAN - app-room GmbH","og_description":"Die Kombination aus schneller Druckgeschwindigkeit, hoher Zuverl\u00e4ssigkeit und wirtschaftlichem Betrieb macht diesen Drucker zu einem [&hellip;]","og_url":"https:\/\/app-room.ch\/shop\/epson-tm-t20iii-lan\/","og_site_name":"app-room GmbH","article_publisher":"https:\/\/www.facebook.com\/approomgmbh\/","article_modified_time":"2026-04-14T09:56:04+00:00","og_image":[{"width":1024,"height":762,"url":"https:\/\/app-room.ch\/wp-content\/uploads\/2023\/05\/100323_1f9f2ba07db9300ba2c2ca11f717de1a-1.jpg","type":"image\/jpeg"}],"twitter_card":"summary_large_image","twitter_misc":{"Dur\u00e9e de lecture estim\u00e9e":"1 minute"},"schema":{"@context":"https:\/\/schema.org","@graph":[{"@type":"WebPage","@id":"https:\/\/app-room.ch\/shop\/epson-tm-t20iii-lan\/","url":"https:\/\/app-room.ch\/shop\/epson-tm-t20iii-lan\/","name":"EPSON TM-T20III LAN - app-room GmbH","isPartOf":{"@id":"https:\/\/app-room.ch\/#website"},"primaryImageOfPage":{"@id":"https:\/\/app-room.ch\/shop\/epson-tm-t20iii-lan\/#primaryimage"},"image":{"@id":"https:\/\/app-room.ch\/shop\/epson-tm-t20iii-lan\/#primaryimage"},"thumbnailUrl":"https:\/\/app-room.eu\/wp-content\/uploads\/2023\/05\/100323_1f9f2ba07db9300ba2c2ca11f717de1a-1.jpg","datePublished":"2023-05-31T08:18:10+00:00","dateModified":"2026-04-14T09:56:04+00:00","breadcrumb":{"@id":"https:\/\/app-room.ch\/shop\/epson-tm-t20iii-lan\/#breadcrumb"},"inLanguage":"fr-FR","potentialAction":[{"@type":"ReadAction","target":["https:\/\/app-room.ch\/shop\/epson-tm-t20iii-lan\/"]}]},{"@type":"ImageObject","inLanguage":"fr-FR","@id":"https:\/\/app-room.ch\/shop\/epson-tm-t20iii-lan\/#primaryimage","url":"https:\/\/app-room.eu\/wp-content\/uploads\/2023\/05\/100323_1f9f2ba07db9300ba2c2ca11f717de1a-1.jpg","contentUrl":"https:\/\/app-room.eu\/wp-content\/uploads\/2023\/05\/100323_1f9f2ba07db9300ba2c2ca11f717de1a-1.jpg","width":1024,"height":762},{"@type":"BreadcrumbList","@id":"https:\/\/app-room.ch\/shop\/epson-tm-t20iii-lan\/#breadcrumb","itemListElement":[{"@type":"ListItem","position":1,"name":"Startseite","item":"https:\/\/app-room.fr\/fr\/"},{"@type":"ListItem","position":2,"name":"Shop","item":"https:\/\/www.app-room.de\/shop\/"},{"@type":"ListItem","position":3,"name":"EPSON TM-T20III LAN"}]},{"@type":"WebSite","@id":"https:\/\/app-room.ch\/#website","url":"https:\/\/app-room.ch\/","name":"app-room GmbH","description":"CYCLE, das online Warenwirtschaftssystem \/ ERP f\u00fcr den Fahrradhandel","publisher":{"@id":"https:\/\/app-room.ch\/#organization"},"potentialAction":[{"@type":"SearchAction","target":{"@type":"EntryPoint","urlTemplate":"https:\/\/app-room.ch\/?s={search_term_string}"},"query-input":{"@type":"PropertyValueSpecification","valueRequired":true,"valueName":"search_term_string"}}],"inLanguage":"fr-FR"},{"@type":"Organization","@id":"https:\/\/app-room.ch\/#organization","name":"app-room GmbH","url":"https:\/\/app-room.ch\/","logo":{"@type":"ImageObject","inLanguage":"fr-FR","@id":"https:\/\/app-room.ch\/#\/schema\/logo\/image\/","url":"https:\/\/app-room.ch\/wp-content\/uploads\/2024\/10\/favicon.png","contentUrl":"https:\/\/app-room.ch\/wp-content\/uploads\/2024\/10\/favicon.png","width":128,"height":128,"caption":"app-room GmbH"},"image":{"@id":"https:\/\/app-room.ch\/#\/schema\/logo\/image\/"},"sameAs":["https:\/\/www.facebook.com\/approomgmbh\/","https:\/\/ch.linkedin.com\/company\/app-room-gmbh"]}]}},"_links":{"self":[{"href":"https:\/\/app-room.eu\/fr\/wp-json\/wp\/v2\/product\/2696","targetHints":{"allow":["GET"]}}],"collection":[{"href":"https:\/\/app-room.eu\/fr\/wp-json\/wp\/v2\/product"}],"about":[{"href":"https:\/\/app-room.eu\/fr\/wp-json\/wp\/v2\/types\/product"}],"wp:featuredmedia":[{"embeddable":true,"href":"https:\/\/app-room.eu\/fr\/wp-json\/wp\/v2\/media\/2694"}],"wp:attachment":[{"href":"https:\/\/app-room.eu\/fr\/wp-json\/wp\/v2\/media?parent=2696"}],"wp:term":[{"taxonomy":"product_brand","embeddable":true,"href":"https:\/\/app-room.eu\/fr\/wp-json\/wp\/v2\/product_brand?post=2696"},{"taxonomy":"product_cat","embeddable":true,"href":"https:\/\/app-room.eu\/fr\/wp-json\/wp\/v2\/product_cat?post=2696"},{"taxonomy":"product_tag","embeddable":true,"href":"https:\/\/app-room.eu\/fr\/wp-json\/wp\/v2\/product_tag?post=2696"}],"curies":[{"name":"wp","href":"https:\/\/api.w.org\/{rel}","templated":true}]}}